{"id":51,"date":"2026-03-12T18:22:27","date_gmt":"2026-03-12T18:22:27","guid":{"rendered":"https:\/\/salonnakovammaiset.fi\/?page_id=51"},"modified":"2026-03-21T11:36:12","modified_gmt":"2026-03-21T11:36:12","slug":"tapahtumakalenteri","status":"publish","type":"page","link":"https:\/\/salonnakovammaiset.fi\/?page_id=51","title":{"rendered":"Tapahtumakalenteri"},"content":{"rendered":"\t\t<div data-elementor-type=\"wp-page\" data-elementor-id=\"51\" class=\"elementor elementor-51\">\n\t\t\t\t<div class=\"elementor-element elementor-element-48f61ce1 e-flex e-con-boxed e-con e-parent\" data-id=\"48f61ce1\" data-element_type=\"container\" data-e-type=\"container\">\n\t\t\t\t\t<div class=\"e-con-inner\">\n\t\t\t\t<div class=\"elementor-element elementor-element-6e5642a6 elementor-widget elementor-widget-heading\" data-id=\"6e5642a6\" data-element_type=\"widget\" data-e-type=\"widget\" data-widget_type=\"heading.default\">\n\t\t\t\t\t<h2 class=\"elementor-heading-title elementor-size-default\">Tapahtumakalenteri<\/h2>\t\t\t\t<\/div>\n\t\t\t\t<div class=\"elementor-element elementor-element-144d0790 elementor-widget elementor-widget-text-editor\" data-id=\"144d0790\" data-element_type=\"widget\" data-e-type=\"widget\" data-widget_type=\"text-editor.default\">\n\t\t\t\t\t\t\t\t\t<h4 class=\"western\"><em><strong>Vuoden 2026 kokouksia ja tapaamisia:<\/strong><\/em><\/h4><h4><strong>Keskiviikkokerho klo 13 &#8211; 15 Salon SYTY ry:n tiloissa<\/strong><\/h4><p>01.04.2026<\/p><p>06.05.2026<\/p><p>02.09.2026<\/p><p>07.10.2026<\/p><p>04.11.2026<\/p><h4><strong>Kontaktipiiri Salon seurakuntatalossa\u00a0 klo 13.00 &#8211; 14.30:<\/strong><\/h4><h4>15.04.2026<\/h4><p>16.09.2026<\/p><p>21.10.2026<\/p><p>18.11.2026<\/p><h4><strong>Teatterit\/konsertit\/retket<\/strong><\/h4><h4>09.06.2026 Jokioinen<\/h4><p>07.07.2026 \/ Paimio<\/p><p>\u00a0<\/p><p><strong>Haastek\u00e4vely<\/strong> 19.05.2026<\/p><p>Salon Samoojat ry.<\/p><p><strong>Kes\u00e4p\u00e4iv\u00e4 ja yhd. 40 v.<\/strong> juhla 03.08.2026 Reilassa<\/p><p><strong>Joulujuhla<\/strong> 02.12.2026<\/p><p>Perni\u00f6n srk-talo<\/p><p>\u00a0<\/p>\t\t\t\t\t\t\t\t<\/div>\n\t\t\t\t\t<\/div>\n\t\t\t\t<\/div>\n\t\t\t\t<\/div>\n\t\t","protected":false},"excerpt":{"rendered":"<p>Tapahtumakalenteri Vuoden 2026 kokouksia ja tapaamisia: Keskiviikkokerho klo 13 &#8211; 15 Salon SYTY ry:n tiloissa 01.04.2026 06.05.2026 02.09.2026 07.10.2026 04.11.2026 Kontaktipiiri Salon seurakuntatalossa\u00a0 klo 13.00 &#8211; 14.30: 15.04.2026 16.09.2026 21.10.2026 18.11.2026 Teatterit\/konsertit\/retket 09.06.2026 Jokioinen 07.07.2026 \/ Paimio \u00a0 Haastek\u00e4vely 19.05.2026 Salon Samoojat ry. Kes\u00e4p\u00e4iv\u00e4 ja yhd. 40 v. juhla 03.08.2026 Reilassa Joulujuhla 02.12.2026 Perni\u00f6n srk-talo &#8230; <a title=\"Tapahtumakalenteri\" class=\"read-more\" href=\"https:\/\/salonnakovammaiset.fi\/?page_id=51\" aria-label=\"Lue lis\u00e4\u00e4 aiheesta Tapahtumakalenteri\">Lue lis\u00e4\u00e4<\/a><\/p>\n","protected":false},"author":1,"featured_media":0,"parent":0,"menu_order":0,"comment_status":"closed","ping_status":"closed","template":"","meta":{"footnotes":""},"class_list":["post-51","page","type-page","status-publish"],"_links":{"self":[{"href":"https:\/\/salonnakovammaiset.fi\/index.php?rest_route=\/wp\/v2\/pages\/51","targetHints":{"allow":["GET"]}}],"collection":[{"href":"https:\/\/salonnakovammaiset.fi\/index.php?rest_route=\/wp\/v2\/pages"}],"about":[{"href":"https:\/\/salonnakovammaiset.fi\/index.php?rest_route=\/wp\/v2\/types\/page"}],"author":[{"embeddable":true,"href":"https:\/\/salonnakovammaiset.fi\/index.php?rest_route=\/wp\/v2\/users\/1"}],"replies":[{"embeddable":true,"href":"https:\/\/salonnakovammaiset.fi\/index.php?rest_route=%2Fwp%2Fv2%2Fcomments&post=51"}],"version-history":[{"count":10,"href":"https:\/\/salonnakovammaiset.fi\/index.php?rest_route=\/wp\/v2\/pages\/51\/revisions"}],"predecessor-version":[{"id":166,"href":"https:\/\/salonnakovammaiset.fi\/index.php?rest_route=\/wp\/v2\/pages\/51\/revisions\/166"}],"wp:attachment":[{"href":"https:\/\/salonnakovammaiset.fi\/index.php?rest_route=%2Fwp%2Fv2%2Fmedia&parent=51"}],"curies":[{"name":"wp","href":"https:\/\/api.w.org\/{rel}","templated":true}]}}