{"id":17,"date":"2026-03-12T11:31:13","date_gmt":"2026-03-12T11:31:13","guid":{"rendered":"https:\/\/salonnakovammaiset.fi\/?page_id=17"},"modified":"2026-03-12T18:31:09","modified_gmt":"2026-03-12T18:31:09","slug":"etusivu","status":"publish","type":"page","link":"https:\/\/salonnakovammaiset.fi\/","title":{"rendered":"Etusivu"},"content":{"rendered":"\t\t<div data-elementor-type=\"wp-page\" data-elementor-id=\"17\" class=\"elementor elementor-17\">\n\t\t\t\t<div class=\"elementor-element elementor-element-2c04fcf1 e-flex e-con-boxed e-con e-parent\" data-id=\"2c04fcf1\" data-element_type=\"container\" data-e-type=\"container\">\n\t\t\t\t\t<div class=\"e-con-inner\">\n\t\t\t\t<div class=\"elementor-element elementor-element-66da71ac elementor-widget elementor-widget-heading\" data-id=\"66da71ac\" data-element_type=\"widget\" data-e-type=\"widget\" data-widget_type=\"heading.default\">\n\t\t\t\t\t<h2 class=\"elementor-heading-title elementor-size-default\">Etusivu<\/h2>\t\t\t\t<\/div>\n\t\t\t\t<div class=\"elementor-element elementor-element-3c46df06 elementor-widget elementor-widget-text-editor\" data-id=\"3c46df06\" data-element_type=\"widget\" data-e-type=\"widget\" data-widget_type=\"text-editor.default\">\n\t\t\t\t\t\t\t\t\t<h4 class=\"western\"><strong>SALON N\u00c4K\u00d6VAMMAISET RY:N TAUSTAA<\/strong><\/h4><p>Salon N\u00e4k\u00f6vammaiset ry. on perustettu vuonna 1986. J\u00e4seni\u00e4 yhdistyksess\u00e4 on kaikkiaan noin 100. Yhdistys toimii Varsinais-Suomen N\u00e4k\u00f6vammaiset ry:n alueella. Kattoj\u00e4rjest\u00f6n\u00e4 on N\u00e4k\u00f6vammaisten Liitto, NKL.<\/p><p>Salon N\u00e4k\u00f6vammaiset ry. perustettiin ajamaan salonseutulaisten n\u00e4k\u00f6vammaisten asioita. Yhdistyksen kotipaikka on Salon kaupunki.<\/p><p>Yhdistyksen tarkoituksena on toimia toiminta-alueella asuvien n\u00e4k\u00f6vammaisten yhdyssiteen\u00e4. Tarkoituksena on my\u00f6s pyrki\u00e4 kohottamaan heid\u00e4n taloudellista asemaansa ja edist\u00e4m\u00e4\u00e4n sek\u00e4 psyykkisi\u00e4 ett\u00e4 fyysisi\u00e4 harrastuksia. T\u00e4ss\u00e4 tarkoituksessa yhdistys harjoittaa kulttuuri-, opinto- ja virkistystoimintaa.<\/p><p><a href=\"https:\/\/www.facebook.com\/p\/Salon-N%C3%A4k%C3%B6vammaiset-100081255522363\/\">K\u00e4y vierailemassa Facebook sivuillamme t\u00e4st\u00e4.<\/a><\/p>\t\t\t\t\t\t\t\t<\/div>\n\t\t\t\t<div class=\"elementor-element elementor-element-581a586b elementor-widget elementor-widget-image\" data-id=\"581a586b\" data-element_type=\"widget\" data-e-type=\"widget\" data-widget_type=\"image.default\">\n\t\t\t\t\t\t\t\t\t\t\t\t\t\t\t<img fetchpriority=\"high\" decoding=\"async\" width=\"1024\" height=\"715\" src=\"https:\/\/salonnakovammaiset.fi\/wp-content\/uploads\/2026\/03\/pexels-eren-li-7188928-1024x715.jpg\" class=\"attachment-large size-large wp-image-31\" alt=\"\" srcset=\"https:\/\/salonnakovammaiset.fi\/wp-content\/uploads\/2026\/03\/pexels-eren-li-7188928-1024x715.jpg 1024w, https:\/\/salonnakovammaiset.fi\/wp-content\/uploads\/2026\/03\/pexels-eren-li-7188928-300x209.jpg 300w, https:\/\/salonnakovammaiset.fi\/wp-content\/uploads\/2026\/03\/pexels-eren-li-7188928-768x536.jpg 768w, https:\/\/salonnakovammaiset.fi\/wp-content\/uploads\/2026\/03\/pexels-eren-li-7188928.jpg 1400w\" sizes=\"(max-width: 1024px) 100vw, 1024px\" \/>\t\t\t\t\t\t\t\t\t\t\t\t\t\t\t<\/div>\n\t\t\t\t<div class=\"elementor-element elementor-element-1a8c582d elementor-widget elementor-widget-image\" data-id=\"1a8c582d\" data-element_type=\"widget\" data-e-type=\"widget\" data-widget_type=\"image.default\">\n\t\t\t\t\t\t\t\t\t\t\t\t\t\t\t<img decoding=\"async\" width=\"1024\" height=\"663\" src=\"https:\/\/salonnakovammaiset.fi\/wp-content\/uploads\/2026\/03\/pexels-eren-li-7188859-1024x663.jpg\" class=\"attachment-large size-large wp-image-30\" alt=\"\" srcset=\"https:\/\/salonnakovammaiset.fi\/wp-content\/uploads\/2026\/03\/pexels-eren-li-7188859-1024x663.jpg 1024w, https:\/\/salonnakovammaiset.fi\/wp-content\/uploads\/2026\/03\/pexels-eren-li-7188859-300x194.jpg 300w, https:\/\/salonnakovammaiset.fi\/wp-content\/uploads\/2026\/03\/pexels-eren-li-7188859-768x497.jpg 768w, https:\/\/salonnakovammaiset.fi\/wp-content\/uploads\/2026\/03\/pexels-eren-li-7188859.jpg 1400w\" sizes=\"(max-width: 1024px) 100vw, 1024px\" \/>\t\t\t\t\t\t\t\t\t\t\t\t\t\t\t<\/div>\n\t\t\t\t\t<\/div>\n\t\t\t\t<\/div>\n\t\t\t\t<\/div>\n\t\t","protected":false},"excerpt":{"rendered":"<p>Etusivu SALON N\u00c4K\u00d6VAMMAISET RY:N TAUSTAA Salon N\u00e4k\u00f6vammaiset ry. on perustettu vuonna 1986. J\u00e4seni\u00e4 yhdistyksess\u00e4 on kaikkiaan noin 100. Yhdistys toimii Varsinais-Suomen N\u00e4k\u00f6vammaiset ry:n alueella. Kattoj\u00e4rjest\u00f6n\u00e4 on N\u00e4k\u00f6vammaisten Liitto, NKL. Salon N\u00e4k\u00f6vammaiset ry. perustettiin ajamaan salonseutulaisten n\u00e4k\u00f6vammaisten asioita. Yhdistyksen kotipaikka on Salon kaupunki. Yhdistyksen tarkoituksena on toimia toiminta-alueella asuvien n\u00e4k\u00f6vammaisten yhdyssiteen\u00e4. Tarkoituksena on my\u00f6s pyrki\u00e4 kohottamaan &#8230; <a title=\"Etusivu\" class=\"read-more\" href=\"https:\/\/salonnakovammaiset.fi\/\" aria-label=\"Lue lis\u00e4\u00e4 aiheesta Etusivu\">Lue lis\u00e4\u00e4<\/a><\/p>\n","protected":false},"author":1,"featured_media":0,"parent":0,"menu_order":0,"comment_status":"closed","ping_status":"closed","template":"","meta":{"footnotes":""},"class_list":["post-17","page","type-page","status-publish"],"_links":{"self":[{"href":"https:\/\/salonnakovammaiset.fi\/index.php?rest_route=\/wp\/v2\/pages\/17","targetHints":{"allow":["GET"]}}],"collection":[{"href":"https:\/\/salonnakovammaiset.fi\/index.php?rest_route=\/wp\/v2\/pages"}],"about":[{"href":"https:\/\/salonnakovammaiset.fi\/index.php?rest_route=\/wp\/v2\/types\/page"}],"author":[{"embeddable":true,"href":"https:\/\/salonnakovammaiset.fi\/index.php?rest_route=\/wp\/v2\/users\/1"}],"replies":[{"embeddable":true,"href":"https:\/\/salonnakovammaiset.fi\/index.php?rest_route=%2Fwp%2Fv2%2Fcomments&post=17"}],"version-history":[{"count":7,"href":"https:\/\/salonnakovammaiset.fi\/index.php?rest_route=\/wp\/v2\/pages\/17\/revisions"}],"predecessor-version":[{"id":75,"href":"https:\/\/salonnakovammaiset.fi\/index.php?rest_route=\/wp\/v2\/pages\/17\/revisions\/75"}],"wp:attachment":[{"href":"https:\/\/salonnakovammaiset.fi\/index.php?rest_route=%2Fwp%2Fv2%2Fmedia&parent=17"}],"curies":[{"name":"wp","href":"https:\/\/api.w.org\/{rel}","templated":true}]}}